{"id":20,"date":"2026-02-24T07:56:32","date_gmt":"2026-02-24T07:56:32","guid":{"rendered":"https:\/\/www.bergmannaudio.de\/?page_id=20"},"modified":"2026-04-28T07:25:59","modified_gmt":"2026-04-28T07:25:59","slug":"start","status":"publish","type":"page","link":"https:\/\/www.bergmannaudio.de\/","title":{"rendered":"Technik im Griff. Sound im Blut."},"content":{"rendered":"\n<p>Als Live-Sound-Spezialist und Entwicklungsingenieur in der Audiobranche stehe ich f\u00fcr durchdachte L\u00f6sungen, pr\u00e4zise Umsetzung und ein Ziel: Sound, der \u00fcberzeugt \u2013 technisch und emotional.<\/p>\n\n\n\n<p>Ob Clubshow, Festival, Corporate Event oder anspruchsvolle Produktion: Mein Ziel ist es, nicht nur \u201eguten Sound\u201c zu liefern, sondern ein Klangerlebnis zu schaffen, das \u00fcberzeugt \u2013 f\u00fcr Publikum, K\u00fcnstler und Veranstalter gleicherma\u00dfen.<\/p>\n\n\n\n<p>Dabei geht es nicht nur um Technik, sondern um das richtige Gesp\u00fcr: F\u00fcr R\u00e4ume, f\u00fcr Dynamik, f\u00fcr Menschen. Leidenschaft und Liebe zum Detail sind die Basis jeder Entscheidung \u2013 von der Planung bis zur letzten Minute der Show.<\/p>\n\n\n\n<p><\/p>\n\n\n\n<p><\/p>\n","protected":false},"excerpt":{"rendered":"<p>Als Live-Sound-Spezialist und Entwicklungsingenieur in der Audiobranche stehe ich f\u00fcr durchdachte L\u00f6sungen, pr\u00e4zise Umsetzung und ein Ziel: Sound, der \u00fcberzeugt \u2013 technisch und emotional. Ob Clubshow, Festival, Corporate Event oder anspruchsvolle Produktion: Mein Ziel ist es, nicht nur \u201eguten Sound\u201c zu liefern, sondern ein Klangerlebnis zu schaffen, das \u00fcberzeugt \u2013 f\u00fcr Publikum, K\u00fcnstler und Veranstalter &hellip; <\/p>\n<p class=\"link-more\"><a href=\"https:\/\/www.bergmannaudio.de\/\" class=\"more-link\"><span class=\"screen-reader-text\">\u201eTechnik im Griff. Sound im Blut.\u201c <\/span>weiterlesen<\/a><\/p>\n","protected":false},"author":1,"featured_media":0,"parent":0,"menu_order":0,"comment_status":"closed","ping_status":"closed","template":"","meta":{"footnotes":""},"class_list":["post-20","page","type-page","status-publish","hentry"],"_links":{"self":[{"href":"https:\/\/www.bergmannaudio.de\/index.php?rest_route=\/wp\/v2\/pages\/20","targetHints":{"allow":["GET"]}}],"collection":[{"href":"https:\/\/www.bergmannaudio.de\/index.php?rest_route=\/wp\/v2\/pages"}],"about":[{"href":"https:\/\/www.bergmannaudio.de\/index.php?rest_route=\/wp\/v2\/types\/page"}],"author":[{"embeddable":true,"href":"https:\/\/www.bergmannaudio.de\/index.php?rest_route=\/wp\/v2\/users\/1"}],"replies":[{"embeddable":true,"href":"https:\/\/www.bergmannaudio.de\/index.php?rest_route=%2Fwp%2Fv2%2Fcomments&post=20"}],"version-history":[{"count":5,"href":"https:\/\/www.bergmannaudio.de\/index.php?rest_route=\/wp\/v2\/pages\/20\/revisions"}],"predecessor-version":[{"id":66,"href":"https:\/\/www.bergmannaudio.de\/index.php?rest_route=\/wp\/v2\/pages\/20\/revisions\/66"}],"wp:attachment":[{"href":"https:\/\/www.bergmannaudio.de\/index.php?rest_route=%2Fwp%2Fv2%2Fmedia&parent=20"}],"curies":[{"name":"wp","href":"https:\/\/api.w.org\/{rel}","templated":true}]}}